{"id":1192,"date":"2021-11-26T10:43:37","date_gmt":"2021-11-26T09:43:37","guid":{"rendered":"https:\/\/armanivalues.com\/?page_id=1192"},"modified":"2023-09-06T18:44:07","modified_gmt":"2023-09-06T16:44:07","slug":"patrimonio-culturale","status":"publish","type":"page","link":"https:\/\/armanivalues.com\/it\/prosperita\/patrimonio-culturale\/","title":{"rendered":"Patrimonio culturale"},"content":{"rendered":"","protected":false},"excerpt":{"rendered":"<p>Responsabilit\u00e0 \u00e8 anche integrazione nel territorio e supporto alle comunit\u00e0 locali, alla cultura e alle associazioni umanitarie. Scopri i nostri impegni.<\/p>\n","protected":false},"author":3,"featured_media":1934,"parent":1091,"menu_order":0,"comment_status":"closed","ping_status":"closed","template":"pages\/page-block-template.php","meta":[],"acf":[],"yoast_head":"<!-- This site is optimized with the Yoast SEO Premium plugin v17.7 (Yoast SEO v17.7.1) - https:\/\/yoast.com\/wordpress\/plugins\/seo\/ -->\n<title>Valorizzazione territorio e patrimonio culturale | Armani Values<\/title>\n<meta name=\"description\" content=\"Responsabilit\u00e0 \u00e8 anche integrazione nel territorio e supporto alle comunit\u00e0 locali, alla cultura e alle associazioni umanitarie. Scopri i nostri impegni.\" \/>\n<meta name=\"robots\" content=\"index, follow, max-snippet:-1, max-image-preview:large, max-video-preview:-1\" \/>\n<link rel=\"canonical\" href=\"https:\/\/armanivalues.com\/it\/prosperita\/patrimonio-culturale\/\" \/>\n<meta property=\"og:locale\" content=\"it_IT\" \/>\n<meta property=\"og:type\" content=\"article\" \/>\n<meta property=\"og:title\" content=\"Patrimonio culturale\" \/>\n<meta property=\"og:description\" content=\"Responsabilit\u00e0 \u00e8 anche integrazione nel territorio e supporto alle comunit\u00e0 locali, alla cultura e alle associazioni umanitarie. Scopri i nostri impegni.\" \/>\n<meta property=\"og:url\" content=\"https:\/\/armanivalues.com\/it\/prosperita\/patrimonio-culturale\/\" \/>\n<meta property=\"og:site_name\" content=\"Armani \/ Values\" \/>\n<meta property=\"article:modified_time\" content=\"2023-09-06T16:44:07+00:00\" \/>\n<meta property=\"og:image\" content=\"https:\/\/armanivalues.com\/wp-content\/uploads\/2021\/12\/teatro-la-scala-desk-1024x575.jpg\" \/>\n\t<meta property=\"og:image:width\" content=\"1024\" \/>\n\t<meta property=\"og:image:height\" content=\"575\" \/>\n<meta name=\"twitter:card\" content=\"summary_large_image\" \/>\n<script type=\"application\/ld+json\" class=\"yoast-schema-graph\">{\"@context\":\"https:\/\/schema.org\",\"@graph\":[{\"@type\":\"Organization\",\"@id\":\"https:\/\/armanivalues.com\/#organization\",\"name\":\"Giorgio Armani S.p.A.\",\"url\":\"https:\/\/armanivalues.com\/\",\"sameAs\":[\"https:\/\/www.linkedin.com\/company\/giorgio-armani\/\"],\"logo\":{\"@type\":\"ImageObject\",\"@id\":\"https:\/\/armanivalues.com\/#logo\",\"inLanguage\":\"it-IT\",\"url\":\"https:\/\/armanivalues.com\/wp-content\/uploads\/2022\/04\/armani-value.png\",\"contentUrl\":\"https:\/\/armanivalues.com\/wp-content\/uploads\/2022\/04\/armani-value.png\",\"width\":740,\"height\":84,\"caption\":\"Giorgio Armani S.p.A.\"},\"image\":{\"@id\":\"https:\/\/armanivalues.com\/#logo\"}},{\"@type\":\"WebSite\",\"@id\":\"https:\/\/armanivalues.com\/#website\",\"url\":\"https:\/\/armanivalues.com\/\",\"name\":\"Armani \/ Values\",\"description\":\"\",\"publisher\":{\"@id\":\"https:\/\/armanivalues.com\/#organization\"},\"potentialAction\":[{\"@type\":\"SearchAction\",\"target\":{\"@type\":\"EntryPoint\",\"urlTemplate\":\"https:\/\/armanivalues.com\/?s={search_term_string}\"},\"query-input\":\"required name=search_term_string\"}],\"inLanguage\":\"it-IT\"},{\"@type\":\"ImageObject\",\"@id\":\"https:\/\/armanivalues.com\/it\/prosperita\/patrimonio-culturale\/#primaryimage\",\"inLanguage\":\"it-IT\",\"url\":\"https:\/\/armanivalues.com\/wp-content\/uploads\/2021\/12\/teatro-la-scala-desk.jpg\",\"contentUrl\":\"https:\/\/armanivalues.com\/wp-content\/uploads\/2021\/12\/teatro-la-scala-desk.jpg\",\"width\":1922,\"height\":1080},{\"@type\":\"WebPage\",\"@id\":\"https:\/\/armanivalues.com\/it\/prosperita\/patrimonio-culturale\/#webpage\",\"url\":\"https:\/\/armanivalues.com\/it\/prosperita\/patrimonio-culturale\/\",\"name\":\"Valorizzazione territorio e patrimonio culturale | Armani Values\",\"isPartOf\":{\"@id\":\"https:\/\/armanivalues.com\/#website\"},\"primaryImageOfPage\":{\"@id\":\"https:\/\/armanivalues.com\/it\/prosperita\/patrimonio-culturale\/#primaryimage\"},\"datePublished\":\"2021-11-26T09:43:37+00:00\",\"dateModified\":\"2023-09-06T16:44:07+00:00\",\"description\":\"Responsabilit\\u00e0 \\u00e8 anche integrazione nel territorio e supporto alle comunit\\u00e0 locali, alla cultura e alle associazioni umanitarie. Scopri i nostri impegni.\",\"breadcrumb\":{\"@id\":\"https:\/\/armanivalues.com\/it\/prosperita\/patrimonio-culturale\/#breadcrumb\"},\"inLanguage\":\"it-IT\",\"potentialAction\":[{\"@type\":\"ReadAction\",\"target\":[\"https:\/\/armanivalues.com\/it\/prosperita\/patrimonio-culturale\/\"]}]},{\"@type\":\"BreadcrumbList\",\"@id\":\"https:\/\/armanivalues.com\/it\/prosperita\/patrimonio-culturale\/#breadcrumb\",\"itemListElement\":[{\"@type\":\"ListItem\",\"position\":1,\"name\":\"Home\",\"item\":\"https:\/\/armanivalues.com\/it\/\"},{\"@type\":\"ListItem\",\"position\":2,\"name\":\"Prosperit\\u00e0\",\"item\":\"https:\/\/armanicsr.veganslab.xyz\/prosperita\/\"},{\"@type\":\"ListItem\",\"position\":3,\"name\":\"Patrimonio culturale\"}]}]}<\/script>\n<!-- \/ Yoast SEO Premium plugin. -->","yoast_head_json":{"title":"Valorizzazione territorio e patrimonio culturale | Armani Values","description":"Responsabilit\u00e0 \u00e8 anche integrazione nel territorio e supporto alle comunit\u00e0 locali, alla cultura e alle associazioni umanitarie. Scopri i nostri impegni.","robots":{"index":"index","follow":"follow","max-snippet":"max-snippet:-1","max-image-preview":"max-image-preview:large","max-video-preview":"max-video-preview:-1"},"canonical":"https:\/\/armanivalues.com\/it\/prosperita\/patrimonio-culturale\/","og_locale":"it_IT","og_type":"article","og_title":"Patrimonio culturale","og_description":"Responsabilit\u00e0 \u00e8 anche integrazione nel territorio e supporto alle comunit\u00e0 locali, alla cultura e alle associazioni umanitarie. Scopri i nostri impegni.","og_url":"https:\/\/armanivalues.com\/it\/prosperita\/patrimonio-culturale\/","og_site_name":"Armani \/ Values","article_modified_time":"2023-09-06T16:44:07+00:00","og_image":[{"width":1024,"height":575,"url":"https:\/\/armanivalues.com\/wp-content\/uploads\/2021\/12\/teatro-la-scala-desk-1024x575.jpg","type":"image\/jpeg"}],"twitter_card":"summary_large_image","schema":{"@context":"https:\/\/schema.org","@graph":[{"@type":"Organization","@id":"https:\/\/armanivalues.com\/#organization","name":"Giorgio Armani S.p.A.","url":"https:\/\/armanivalues.com\/","sameAs":["https:\/\/www.linkedin.com\/company\/giorgio-armani\/"],"logo":{"@type":"ImageObject","@id":"https:\/\/armanivalues.com\/#logo","inLanguage":"it-IT","url":"https:\/\/armanivalues.com\/wp-content\/uploads\/2022\/04\/armani-value.png","contentUrl":"https:\/\/armanivalues.com\/wp-content\/uploads\/2022\/04\/armani-value.png","width":740,"height":84,"caption":"Giorgio Armani S.p.A."},"image":{"@id":"https:\/\/armanivalues.com\/#logo"}},{"@type":"WebSite","@id":"https:\/\/armanivalues.com\/#website","url":"https:\/\/armanivalues.com\/","name":"Armani \/ Values","description":"","publisher":{"@id":"https:\/\/armanivalues.com\/#organization"},"potentialAction":[{"@type":"SearchAction","target":{"@type":"EntryPoint","urlTemplate":"https:\/\/armanivalues.com\/?s={search_term_string}"},"query-input":"required name=search_term_string"}],"inLanguage":"it-IT"},{"@type":"ImageObject","@id":"https:\/\/armanivalues.com\/it\/prosperita\/patrimonio-culturale\/#primaryimage","inLanguage":"it-IT","url":"https:\/\/armanivalues.com\/wp-content\/uploads\/2021\/12\/teatro-la-scala-desk.jpg","contentUrl":"https:\/\/armanivalues.com\/wp-content\/uploads\/2021\/12\/teatro-la-scala-desk.jpg","width":1922,"height":1080},{"@type":"WebPage","@id":"https:\/\/armanivalues.com\/it\/prosperita\/patrimonio-culturale\/#webpage","url":"https:\/\/armanivalues.com\/it\/prosperita\/patrimonio-culturale\/","name":"Valorizzazione territorio e patrimonio culturale | Armani Values","isPartOf":{"@id":"https:\/\/armanivalues.com\/#website"},"primaryImageOfPage":{"@id":"https:\/\/armanivalues.com\/it\/prosperita\/patrimonio-culturale\/#primaryimage"},"datePublished":"2021-11-26T09:43:37+00:00","dateModified":"2023-09-06T16:44:07+00:00","description":"Responsabilit\u00e0 \u00e8 anche integrazione nel territorio e supporto alle comunit\u00e0 locali, alla cultura e alle associazioni umanitarie. Scopri i nostri impegni.","breadcrumb":{"@id":"https:\/\/armanivalues.com\/it\/prosperita\/patrimonio-culturale\/#breadcrumb"},"inLanguage":"it-IT","potentialAction":[{"@type":"ReadAction","target":["https:\/\/armanivalues.com\/it\/prosperita\/patrimonio-culturale\/"]}]},{"@type":"BreadcrumbList","@id":"https:\/\/armanivalues.com\/it\/prosperita\/patrimonio-culturale\/#breadcrumb","itemListElement":[{"@type":"ListItem","position":1,"name":"Home","item":"https:\/\/armanivalues.com\/it\/"},{"@type":"ListItem","position":2,"name":"Prosperit\u00e0","item":"https:\/\/armanicsr.veganslab.xyz\/prosperita\/"},{"@type":"ListItem","position":3,"name":"Patrimonio culturale"}]}]}},"_links":{"self":[{"href":"https:\/\/armanivalues.com\/it\/wp-json\/wp\/v2\/pages\/1192"}],"collection":[{"href":"https:\/\/armanivalues.com\/it\/wp-json\/wp\/v2\/pages"}],"about":[{"href":"https:\/\/armanivalues.com\/it\/wp-json\/wp\/v2\/types\/page"}],"author":[{"embeddable":true,"href":"https:\/\/armanivalues.com\/it\/wp-json\/wp\/v2\/users\/3"}],"replies":[{"embeddable":true,"href":"https:\/\/armanivalues.com\/it\/wp-json\/wp\/v2\/comments?post=1192"}],"version-history":[{"count":72,"href":"https:\/\/armanivalues.com\/it\/wp-json\/wp\/v2\/pages\/1192\/revisions"}],"predecessor-version":[{"id":9795,"href":"https:\/\/armanivalues.com\/it\/wp-json\/wp\/v2\/pages\/1192\/revisions\/9795"}],"up":[{"embeddable":true,"href":"https:\/\/armanivalues.com\/it\/wp-json\/wp\/v2\/pages\/1091"}],"wp:featuredmedia":[{"embeddable":true,"href":"https:\/\/armanivalues.com\/it\/wp-json\/wp\/v2\/media\/1934"}],"wp:attachment":[{"href":"https:\/\/armanivalues.com\/it\/wp-json\/wp\/v2\/media?parent=1192"}],"curies":[{"name":"wp","href":"https:\/\/api.w.org\/{rel}","templated":true}]}}