{"id":482,"date":"2021-11-15T16:17:27","date_gmt":"2021-11-15T15:17:27","guid":{"rendered":"https:\/\/armanivalues.com\/?page_id=482"},"modified":"2025-09-30T18:55:01","modified_gmt":"2025-09-30T16:55:01","slug":"autenticita-del-prodotto","status":"publish","type":"page","link":"https:\/\/armanivalues.com\/it\/pianeta\/filiera\/autenticita-del-prodotto\/","title":{"rendered":"Autenticit\u00e0 del prodotto"},"content":{"rendered":"","protected":false},"excerpt":{"rendered":"<p>Qualit\u00e0 e sicurezza: questo l&#8217;impegno del Gruppo Armani nell&#8217;offrire la garanzia di autenticit\u00e0 per ogni capo acquistato.<\/p>\n","protected":false},"author":1,"featured_media":0,"parent":5392,"menu_order":0,"comment_status":"closed","ping_status":"closed","template":"pages\/page-block-template.php","meta":[],"acf":[],"yoast_head":"<!-- This site is optimized with the Yoast SEO Premium plugin v17.7 (Yoast SEO v17.7.1) - https:\/\/yoast.com\/wordpress\/plugins\/seo\/ -->\n<title>Autenticit\u00e0 del Prodotto | Armani Values<\/title>\n<meta name=\"description\" content=\"Qualit\u00e0 e sicurezza: questo l&#039;impegno del Gruppo Armani nell&#039;offrire la garanzia di autenticit\u00e0 per ogni capo acquistato.\" \/>\n<meta name=\"robots\" content=\"index, follow, max-snippet:-1, max-image-preview:large, max-video-preview:-1\" \/>\n<link rel=\"canonical\" href=\"https:\/\/armanivalues.com\/it\/pianeta\/filiera\/autenticita-del-prodotto\/\" \/>\n<meta property=\"og:locale\" content=\"it_IT\" \/>\n<meta property=\"og:type\" content=\"article\" \/>\n<meta property=\"og:title\" content=\"Autenticit\u00e0 del prodotto\" \/>\n<meta property=\"og:description\" content=\"Qualit\u00e0 e sicurezza: questo l&#039;impegno del Gruppo Armani nell&#039;offrire la garanzia di autenticit\u00e0 per ogni capo acquistato.\" \/>\n<meta property=\"og:url\" content=\"https:\/\/armanivalues.com\/it\/pianeta\/filiera\/autenticita-del-prodotto\/\" \/>\n<meta property=\"og:site_name\" content=\"Armani \/ Values\" \/>\n<meta property=\"article:modified_time\" content=\"2025-09-30T16:55:01+00:00\" \/>\n<meta name=\"twitter:card\" content=\"summary_large_image\" \/>\n<script type=\"application\/ld+json\" class=\"yoast-schema-graph\">{\"@context\":\"https:\/\/schema.org\",\"@graph\":[{\"@type\":\"Organization\",\"@id\":\"https:\/\/armanivalues.com\/#organization\",\"name\":\"Giorgio Armani S.p.A.\",\"url\":\"https:\/\/armanivalues.com\/\",\"sameAs\":[\"https:\/\/www.linkedin.com\/company\/giorgio-armani\/\"],\"logo\":{\"@type\":\"ImageObject\",\"@id\":\"https:\/\/armanivalues.com\/#logo\",\"inLanguage\":\"it-IT\",\"url\":\"https:\/\/armanivalues.com\/wp-content\/uploads\/2022\/04\/armani-value.png\",\"contentUrl\":\"https:\/\/armanivalues.com\/wp-content\/uploads\/2022\/04\/armani-value.png\",\"width\":740,\"height\":84,\"caption\":\"Giorgio Armani S.p.A.\"},\"image\":{\"@id\":\"https:\/\/armanivalues.com\/#logo\"}},{\"@type\":\"WebSite\",\"@id\":\"https:\/\/armanivalues.com\/#website\",\"url\":\"https:\/\/armanivalues.com\/\",\"name\":\"Armani \/ Values\",\"description\":\"\",\"publisher\":{\"@id\":\"https:\/\/armanivalues.com\/#organization\"},\"potentialAction\":[{\"@type\":\"SearchAction\",\"target\":{\"@type\":\"EntryPoint\",\"urlTemplate\":\"https:\/\/armanivalues.com\/?s={search_term_string}\"},\"query-input\":\"required name=search_term_string\"}],\"inLanguage\":\"it-IT\"},{\"@type\":\"WebPage\",\"@id\":\"https:\/\/armanivalues.com\/it\/pianeta\/filiera\/autenticita-del-prodotto\/#webpage\",\"url\":\"https:\/\/armanivalues.com\/it\/pianeta\/filiera\/autenticita-del-prodotto\/\",\"name\":\"Autenticit\\u00e0 del Prodotto | Armani Values\",\"isPartOf\":{\"@id\":\"https:\/\/armanivalues.com\/#website\"},\"datePublished\":\"2021-11-15T15:17:27+00:00\",\"dateModified\":\"2025-09-30T16:55:01+00:00\",\"description\":\"Qualit\\u00e0 e sicurezza: questo l'impegno del Gruppo Armani nell'offrire la garanzia di autenticit\\u00e0 per ogni capo acquistato.\",\"breadcrumb\":{\"@id\":\"https:\/\/armanivalues.com\/it\/pianeta\/filiera\/autenticita-del-prodotto\/#breadcrumb\"},\"inLanguage\":\"it-IT\",\"potentialAction\":[{\"@type\":\"ReadAction\",\"target\":[\"https:\/\/armanivalues.com\/it\/pianeta\/filiera\/autenticita-del-prodotto\/\"]}]},{\"@type\":\"BreadcrumbList\",\"@id\":\"https:\/\/armanivalues.com\/it\/pianeta\/filiera\/autenticita-del-prodotto\/#breadcrumb\",\"itemListElement\":[{\"@type\":\"ListItem\",\"position\":1,\"name\":\"Home\",\"item\":\"https:\/\/armanivalues.com\/it\/\"},{\"@type\":\"ListItem\",\"position\":2,\"name\":\"Pianeta\",\"item\":\"https:\/\/armanicsr.veganslab.xyz\/pianeta\/\"},{\"@type\":\"ListItem\",\"position\":3,\"name\":\"Filiera\",\"item\":\"https:\/\/armanivalues.com\/it\/pianeta\/filiera\/\"},{\"@type\":\"ListItem\",\"position\":4,\"name\":\"Autenticit\\u00e0 del prodotto\"}]}]}<\/script>\n<!-- \/ Yoast SEO Premium plugin. -->","yoast_head_json":{"title":"Autenticit\u00e0 del Prodotto | Armani Values","description":"Qualit\u00e0 e sicurezza: questo l'impegno del Gruppo Armani nell'offrire la garanzia di autenticit\u00e0 per ogni capo acquistato.","robots":{"index":"index","follow":"follow","max-snippet":"max-snippet:-1","max-image-preview":"max-image-preview:large","max-video-preview":"max-video-preview:-1"},"canonical":"https:\/\/armanivalues.com\/it\/pianeta\/filiera\/autenticita-del-prodotto\/","og_locale":"it_IT","og_type":"article","og_title":"Autenticit\u00e0 del prodotto","og_description":"Qualit\u00e0 e sicurezza: questo l'impegno del Gruppo Armani nell'offrire la garanzia di autenticit\u00e0 per ogni capo acquistato.","og_url":"https:\/\/armanivalues.com\/it\/pianeta\/filiera\/autenticita-del-prodotto\/","og_site_name":"Armani \/ Values","article_modified_time":"2025-09-30T16:55:01+00:00","twitter_card":"summary_large_image","schema":{"@context":"https:\/\/schema.org","@graph":[{"@type":"Organization","@id":"https:\/\/armanivalues.com\/#organization","name":"Giorgio Armani S.p.A.","url":"https:\/\/armanivalues.com\/","sameAs":["https:\/\/www.linkedin.com\/company\/giorgio-armani\/"],"logo":{"@type":"ImageObject","@id":"https:\/\/armanivalues.com\/#logo","inLanguage":"it-IT","url":"https:\/\/armanivalues.com\/wp-content\/uploads\/2022\/04\/armani-value.png","contentUrl":"https:\/\/armanivalues.com\/wp-content\/uploads\/2022\/04\/armani-value.png","width":740,"height":84,"caption":"Giorgio Armani S.p.A."},"image":{"@id":"https:\/\/armanivalues.com\/#logo"}},{"@type":"WebSite","@id":"https:\/\/armanivalues.com\/#website","url":"https:\/\/armanivalues.com\/","name":"Armani \/ Values","description":"","publisher":{"@id":"https:\/\/armanivalues.com\/#organization"},"potentialAction":[{"@type":"SearchAction","target":{"@type":"EntryPoint","urlTemplate":"https:\/\/armanivalues.com\/?s={search_term_string}"},"query-input":"required name=search_term_string"}],"inLanguage":"it-IT"},{"@type":"WebPage","@id":"https:\/\/armanivalues.com\/it\/pianeta\/filiera\/autenticita-del-prodotto\/#webpage","url":"https:\/\/armanivalues.com\/it\/pianeta\/filiera\/autenticita-del-prodotto\/","name":"Autenticit\u00e0 del Prodotto | Armani Values","isPartOf":{"@id":"https:\/\/armanivalues.com\/#website"},"datePublished":"2021-11-15T15:17:27+00:00","dateModified":"2025-09-30T16:55:01+00:00","description":"Qualit\u00e0 e sicurezza: questo l'impegno del Gruppo Armani nell'offrire la garanzia di autenticit\u00e0 per ogni capo acquistato.","breadcrumb":{"@id":"https:\/\/armanivalues.com\/it\/pianeta\/filiera\/autenticita-del-prodotto\/#breadcrumb"},"inLanguage":"it-IT","potentialAction":[{"@type":"ReadAction","target":["https:\/\/armanivalues.com\/it\/pianeta\/filiera\/autenticita-del-prodotto\/"]}]},{"@type":"BreadcrumbList","@id":"https:\/\/armanivalues.com\/it\/pianeta\/filiera\/autenticita-del-prodotto\/#breadcrumb","itemListElement":[{"@type":"ListItem","position":1,"name":"Home","item":"https:\/\/armanivalues.com\/it\/"},{"@type":"ListItem","position":2,"name":"Pianeta","item":"https:\/\/armanicsr.veganslab.xyz\/pianeta\/"},{"@type":"ListItem","position":3,"name":"Filiera","item":"https:\/\/armanivalues.com\/it\/pianeta\/filiera\/"},{"@type":"ListItem","position":4,"name":"Autenticit\u00e0 del prodotto"}]}]}},"_links":{"self":[{"href":"https:\/\/armanivalues.com\/it\/wp-json\/wp\/v2\/pages\/482"}],"collection":[{"href":"https:\/\/armanivalues.com\/it\/wp-json\/wp\/v2\/pages"}],"about":[{"href":"https:\/\/armanivalues.com\/it\/wp-json\/wp\/v2\/types\/page"}],"author":[{"embeddable":true,"href":"https:\/\/armanivalues.com\/it\/wp-json\/wp\/v2\/users\/1"}],"replies":[{"embeddable":true,"href":"https:\/\/armanivalues.com\/it\/wp-json\/wp\/v2\/comments?post=482"}],"version-history":[{"count":71,"href":"https:\/\/armanivalues.com\/it\/wp-json\/wp\/v2\/pages\/482\/revisions"}],"predecessor-version":[{"id":11415,"href":"https:\/\/armanivalues.com\/it\/wp-json\/wp\/v2\/pages\/482\/revisions\/11415"}],"up":[{"embeddable":true,"href":"https:\/\/armanivalues.com\/it\/wp-json\/wp\/v2\/pages\/5392"}],"wp:attachment":[{"href":"https:\/\/armanivalues.com\/it\/wp-json\/wp\/v2\/media?parent=482"}],"curies":[{"name":"wp","href":"https:\/\/api.w.org\/{rel}","templated":true}]}}